{"id":12,"date":"2021-06-21T14:35:56","date_gmt":"2021-06-21T12:35:56","guid":{"rendered":"http:\/\/augiernathalie-psy.fr\/?page_id=12"},"modified":"2021-07-02T15:52:20","modified_gmt":"2021-07-02T13:52:20","slug":"a-propos-de","status":"publish","type":"page","link":"https:\/\/augiernathalie-psy.fr\/index.php\/a-propos-de\/","title":{"rendered":"Mon parcours"},"content":{"rendered":"\n<div class=\"wp-block-columns is-layout-flex wp-container-core-columns-is-layout-9d6595d7 wp-block-columns-is-layout-flex\">\n<div class=\"wp-block-column is-vertically-aligned-top is-layout-flow wp-block-column-is-layout-flow\">\n<p>Titulaire d\u2019un doctorat en biochimie, puis form\u00e9e \u00e0 plusieurs techniques de psychoth\u00e9rapie du champ humaniste, principalement en Gestalt th\u00e9rapie, en Psychosomatique relationnelle et en Sophrologie.<\/p>\n<p style=\"text-align: left;\">Apr\u00e8s avoir \u00e9tudi\u00e9 les processus biologiques de l\u2019\u00eatre humain, je me suis int\u00e9ress\u00e9e au fonctionnement psychique et affectif de la personne, pour une connaissance plus globale de l\u2019individu.<br data-rich-text-line-break=\"true\" \/>Depuis 1993, mes activit\u00e9s professionnelles s\u2019inscrivent dans le cadre de la pratique de la psychoth\u00e9rapie et de la formation.\u00a0<\/p>\n<p>Ma pratique de la\u00a0<strong>psychoth\u00e9rapie\u00a0est pluridisciplinaire<\/strong>. Elle int\u00e8gre des m\u00e9thodes de la psychologie humaniste, comme la\u00a0<strong>gestalt th\u00e9rapie<\/strong> et la\u00a0<strong>psychosomatique relationnelle<\/strong> ; des principes et exercices de\u00a0<strong>la pleine consciences<\/strong> ; et plus r\u00e9cement des concepts de la\u00a0<strong>psychologie positive<\/strong>.\u00a0<\/p>\n<p>\u00a0<\/p>\n<p><img loading=\"lazy\" decoding=\"async\" class=\"alignleft wp-image-243\" src=\"https:\/\/augiernathalie-psy.fr\/wp-content\/uploads\/2021\/06\/pexels-anni-roenkae-2318025-scaled-e1625233799322.jpg\" alt=\"\" width=\"382\" height=\"183\" \/><\/p>\n<p>\u00a0<\/p>\n<\/div>\n\n\n\n<div class=\"wp-block-column is-layout-flow wp-block-column-is-layout-flow\">\n<ul>\n<li><strong>La gestalt th\u00e9rapie<\/strong>&nbsp;va permettre au th\u00e9rapeute d\u2019aider la personne \u00e0 reprendre et compl\u00e9ter les situations inachev\u00e9es de son existence. Cette approche ne s&#8217;int\u00e9resse au pass\u00e9 qu&#8217;\u00e0 travers son incidence sur le pr\u00e9sent. L&#8217;accent est mis sur la responsabilit\u00e9 face \u00e0 la satisfaction de ses propres besoins, sur l&#8217;importance de vivre pleinement le pr\u00e9sent, \u00e0 \u00eatre en plein contact avec ses \u00e9motions, et \u00e0 d\u00e9ployer vers l&#8217;ext\u00e9rieur son \u00e9nergie pour la r\u00e9alisation de soi.<\/li>\n<\/ul>\n<ul>\n<li><strong>La psychosomatique relationnelle<\/strong>&nbsp;inclut la th\u00e9orie relationnelle \u00e9labor\u00e9e par le Professeur Sami-Ali et ouvre sur d&#8217;autres approches relationnelles de la personne. La th\u00e9orie relationnelle int\u00e8gre le psychique et le somatique dans une conception globale de l&#8217;homme. La pathologie, qu&#8217;elle soit organique ou fonctionnelle, se trouve mise en rapport avec une situation dans laquelle le conflit peut trouver une solution ou bien devenir insoluble formant alors une situation d&#8217;impasse. En redynamisant l\u2019imaginaire, les rytmes corporels et la vie affective, l\u2019individu trouve en lui la potentialit\u00e9 de d\u00e9passer une probl\u00e9matique conflictuelle ou d\u2019impasse.<\/li>\n<\/ul>\n<ul>\n<li><strong data-rich-text-format-boundary=\"true\">Les principes de la pleine conscience&nbsp;<\/strong>ont pour objectif d\u2019apprendre \u00e0 diriger son attention. C\u2019est aussi s\u2019entrainer \u00e0 porter son attention sur le moment pr\u00e9sent sans jugement de valeur sur ce qui vient. La comp\u00e9tence de base \u00e0 acqu\u00e9rir consiste \u00e0 modifier son rapport \u00e0 soi, aux sensations corporelles, aux \u00e9motions et \u00e0 ses propres pens\u00e9es cr\u00e9ant ainsi une distance, un recul avec l\u2019exp\u00e9rience. Une alternative aux processus automatiques \u00e9motionnels ou\/et de pens\u00e9es.<\/li>\n<\/ul>\n<\/div>\n<\/div>\n\n\n\n<p><\/p>\n","protected":false},"excerpt":{"rendered":"<p>Titulaire d\u2019un doctorat en biochimie, puis form\u00e9e \u00e0 plusieurs techniques de psychoth\u00e9rapie du champ humaniste, principalement en Gestalt th\u00e9rapie, en Psychosomatique relationnelle et en Sophrologie. Apr\u00e8s avoir \u00e9tudi\u00e9 les processus biologiques de l\u2019\u00eatre humain, je me suis int\u00e9ress\u00e9e au fonctionnement psychique et affectif de la personne, pour une connaissance plus globale de l\u2019individu.Depuis 1993, mes &hellip;<\/p>\n<p class=\"read-more\"> <a class=\"\" href=\"https:\/\/augiernathalie-psy.fr\/index.php\/a-propos-de\/\"> <span class=\"screen-reader-text\">Mon parcours<\/span> Read More &raquo;<\/a><\/p>\n","protected":false},"author":1,"featured_media":0,"parent":0,"menu_order":0,"comment_status":"closed","ping_status":"closed","template":"","meta":{"footnotes":""},"class_list":["post-12","page","type-page","status-publish","hentry"],"_links":{"self":[{"href":"https:\/\/augiernathalie-psy.fr\/index.php\/wp-json\/wp\/v2\/pages\/12","targetHints":{"allow":["GET"]}}],"collection":[{"href":"https:\/\/augiernathalie-psy.fr\/index.php\/wp-json\/wp\/v2\/pages"}],"about":[{"href":"https:\/\/augiernathalie-psy.fr\/index.php\/wp-json\/wp\/v2\/types\/page"}],"author":[{"embeddable":true,"href":"https:\/\/augiernathalie-psy.fr\/index.php\/wp-json\/wp\/v2\/users\/1"}],"replies":[{"embeddable":true,"href":"https:\/\/augiernathalie-psy.fr\/index.php\/wp-json\/wp\/v2\/comments?post=12"}],"version-history":[{"count":14,"href":"https:\/\/augiernathalie-psy.fr\/index.php\/wp-json\/wp\/v2\/pages\/12\/revisions"}],"predecessor-version":[{"id":339,"href":"https:\/\/augiernathalie-psy.fr\/index.php\/wp-json\/wp\/v2\/pages\/12\/revisions\/339"}],"wp:attachment":[{"href":"https:\/\/augiernathalie-psy.fr\/index.php\/wp-json\/wp\/v2\/media?parent=12"}],"curies":[{"name":"wp","href":"https:\/\/api.w.org\/{rel}","templated":true}]}}