{"id":13,"date":"2021-06-21T14:35:56","date_gmt":"2021-06-21T12:35:56","guid":{"rendered":"http:\/\/augiernathalie-psy.fr\/?page_id=13"},"modified":"2024-08-28T16:36:37","modified_gmt":"2024-08-28T14:36:37","slug":"contact","status":"publish","type":"page","link":"https:\/\/augiernathalie-psy.fr\/index.php\/contact\/","title":{"rendered":"Contact"},"content":{"rendered":"\n<pre class=\"wp-block-preformatted\"><strong>Nathalie Augier<\/strong><br>821 Avenue Villeneuve d'Angoul\u00eame<br>34070 Montpellier<\/pre>\n\n\n\n<pre class=\"wp-block-preformatted\"><strong>Contact<\/strong>\nT\u00e9l\u00e9phone : 06 83 38 24 35\nCouriel : <a href=\"mailto:augier.psy@gmail.com\">augier.psy@gmail.com<\/a><\/pre>\n","protected":false},"excerpt":{"rendered":"<p>Nathalie Augier821 Avenue Villeneuve d&#8217;Angoul\u00eame34070 Montpellier Contact T\u00e9l\u00e9phone : 06 83 38 24 35 Couriel : augier.psy@gmail.com<\/p>\n","protected":false},"author":1,"featured_media":0,"parent":0,"menu_order":0,"comment_status":"closed","ping_status":"closed","template":"","meta":{"footnotes":""},"class_list":["post-13","page","type-page","status-publish","hentry"],"_links":{"self":[{"href":"https:\/\/augiernathalie-psy.fr\/index.php\/wp-json\/wp\/v2\/pages\/13","targetHints":{"allow":["GET"]}}],"collection":[{"href":"https:\/\/augiernathalie-psy.fr\/index.php\/wp-json\/wp\/v2\/pages"}],"about":[{"href":"https:\/\/augiernathalie-psy.fr\/index.php\/wp-json\/wp\/v2\/types\/page"}],"author":[{"embeddable":true,"href":"https:\/\/augiernathalie-psy.fr\/index.php\/wp-json\/wp\/v2\/users\/1"}],"replies":[{"embeddable":true,"href":"https:\/\/augiernathalie-psy.fr\/index.php\/wp-json\/wp\/v2\/comments?post=13"}],"version-history":[{"count":10,"href":"https:\/\/augiernathalie-psy.fr\/index.php\/wp-json\/wp\/v2\/pages\/13\/revisions"}],"predecessor-version":[{"id":361,"href":"https:\/\/augiernathalie-psy.fr\/index.php\/wp-json\/wp\/v2\/pages\/13\/revisions\/361"}],"wp:attachment":[{"href":"https:\/\/augiernathalie-psy.fr\/index.php\/wp-json\/wp\/v2\/media?parent=13"}],"curies":[{"name":"wp","href":"https:\/\/api.w.org\/{rel}","templated":true}]}}