{"id":183,"date":"2021-06-24T17:54:34","date_gmt":"2021-06-24T15:54:34","guid":{"rendered":"http:\/\/augiernathalie-psy.fr\/?page_id=183"},"modified":"2021-07-02T15:26:31","modified_gmt":"2021-07-02T13:26:31","slug":"a-lire","status":"publish","type":"page","link":"https:\/\/augiernathalie-psy.fr\/index.php\/a-lire\/","title":{"rendered":"A Lire"},"content":{"rendered":"\n<div class=\"wp-block-columns is-layout-flex wp-container-core-columns-is-layout-9d6595d7 wp-block-columns-is-layout-flex\">\n<div class=\"wp-block-column is-layout-flow wp-block-column-is-layout-flow\">\n<h2 class=\"wp-block-heading\">Articles \u00e0 lire<\/h2>\n\n\n\n<p><strong>Le syst\u00e8me immunitaire psychologique<\/strong><\/p>\n\n\n\n<p>Dan Gilbert remet en question le fait que le bonheur soit conditionn\u00e9 \u00e0 l\u2019obtention de ce que nous d\u00e9sirons. Il d\u00e9montre l\u2019existence d\u2019un syst\u00e8me immunitaire psychologique, processus cognitif&#8230;<\/p>\n\n\n\n<div class=\"wp-block-buttons is-layout-flex wp-block-buttons-is-layout-flex\">\n<div class=\"wp-block-button\"><a class=\"wp-block-button__link\" href=\"https:\/\/augiernathalie-psy.fr\/index.php\/dan-gilbert\/\">A lire<\/a><\/div>\n<\/div>\n\n\n\n<p><\/p>\n\n\n\n<p><strong>Neurosciences et pleine conscience<\/strong><\/p>\n\n\n\n<p>Dans son expos\u00e9 Guido Bondolfi pr\u00e9sente une synth\u00e8se d\u2019\u00e9tudes sur les effets neurobiologiques de la m\u00e9ditation pleine conscience r\u00e9alis\u00e9s ces derni\u00e8res ann\u00e9es. Des hypoth\u00e8ses sont faites quant au&#8230;<\/p>\n\n\n\n<div class=\"wp-block-buttons is-layout-flex wp-block-buttons-is-layout-flex\">\n<div class=\"wp-block-button\"><a class=\"wp-block-button__link\" href=\"https:\/\/augiernathalie-psy.fr\/index.php\/guido-bondolfi\/\">A lire<\/a><\/div>\n<\/div>\n\n\n\n<p><\/p>\n\n\n\n<p><strong>L&#8217;exp\u00e9rience optimale de M. Csikszentmihalyi<\/strong><\/p>\n\n\n\n<p>Dans le D\u00e9fi positif\u00bb de&nbsp;<a href=\"http:\/\/www.thierryjanssen.com\/\">Thierry Janssen<\/a><\/p>\n\n\n\n<p>Csikszentmihalyi s\u2019int\u00e9ressait aux conditions du processus cr\u00e9atif. En observant des peintres au travail, il constata qu\u2019ils \u00e9taient totalement concentr\u00e9s sur &nbsp;sur leur ouvrage&#8230;<\/p>\n\n\n\n<div class=\"wp-block-buttons is-layout-flex wp-block-buttons-is-layout-flex\">\n<div class=\"wp-block-button\"><a class=\"wp-block-button__link\" href=\"https:\/\/augiernathalie-psy.fr\/index.php\/m-csikszentmihalyi\/\">A lire<\/a><\/div>\n<\/div>\n<\/div>\n\n\n\n<div class=\"wp-block-column is-layout-flow wp-block-column-is-layout-flow\">\n<h2 class=\"wp-block-heading\">Bibliographie<\/h2>\n\n\n\n<p><strong>En psychologie humaniste :<\/strong><\/p>\n\n\n\n<ul class=\"wp-block-list\"><li>De Carl Rogers \u00abPsychoth\u00e9rapie et relations humaines \u00bb ESF 2009<\/li><\/ul>\n\n\n\n<p><strong>En psychologie positive<\/strong><\/p>\n\n\n\n<ul class=\"wp-block-list\"><li> De Thierry Jenssen,&nbsp;\u00abLe d\u00e9fi positif\u00bb &nbsp;Pocket, 2013 <\/li><li>De Martin Seligman, \u00abLa force de l\u2019optimisme\u00bb&nbsp;Pocket, 2012                             <\/li><li>De Mihalyi Csikszentmihalyi &nbsp;\u00abvivre, la psychologie du bonheur&nbsp;Pocket, 2004                                                                                                        <\/li><li>De Jacques Lecomte \u00abintroduction \u00e0 la psychologie positive\u00bb Dunod, 2010<\/li><\/ul>\n\n\n\n<p><strong>Sur le th\u00e8me de la pleine conscience :&nbsp;<\/strong><\/p>\n\n\n\n<ul class=\"wp-block-list\"><li>De Jon Kabat-Zinn \u00ab&nbsp;L&#8217;\u00e9veil des sens&nbsp;\u00bb Pocket, 2011                               <\/li><li>De Mathieu Ricard \u00abL\u2019art de la m\u00e9ditation\u00bb Pocket, 2010                        <\/li><li>De Thich Nh\u00e2t Hanh \u00abMiracle de la pleine conscience\u00bb J\u2019ai lu, 2008<\/li><\/ul>\n<\/div>\n<\/div>\n\n\n\n<p><\/p>\n","protected":false},"excerpt":{"rendered":"<p>Articles \u00e0 lire Le syst\u00e8me immunitaire psychologique Dan Gilbert remet en question le fait que le bonheur soit conditionn\u00e9 \u00e0 l\u2019obtention de ce que nous d\u00e9sirons. Il d\u00e9montre l\u2019existence d\u2019un syst\u00e8me immunitaire psychologique, processus cognitif&#8230; Neurosciences et pleine conscience Dans son expos\u00e9 Guido Bondolfi pr\u00e9sente une synth\u00e8se d\u2019\u00e9tudes sur les effets neurobiologiques de la m\u00e9ditation &hellip;<\/p>\n<p class=\"read-more\"> <a class=\"\" href=\"https:\/\/augiernathalie-psy.fr\/index.php\/a-lire\/\"> <span class=\"screen-reader-text\">A Lire<\/span> Read More &raquo;<\/a><\/p>\n","protected":false},"author":1,"featured_media":0,"parent":0,"menu_order":0,"comment_status":"closed","ping_status":"closed","template":"","meta":{"footnotes":""},"class_list":["post-183","page","type-page","status-publish","hentry"],"_links":{"self":[{"href":"https:\/\/augiernathalie-psy.fr\/index.php\/wp-json\/wp\/v2\/pages\/183","targetHints":{"allow":["GET"]}}],"collection":[{"href":"https:\/\/augiernathalie-psy.fr\/index.php\/wp-json\/wp\/v2\/pages"}],"about":[{"href":"https:\/\/augiernathalie-psy.fr\/index.php\/wp-json\/wp\/v2\/types\/page"}],"author":[{"embeddable":true,"href":"https:\/\/augiernathalie-psy.fr\/index.php\/wp-json\/wp\/v2\/users\/1"}],"replies":[{"embeddable":true,"href":"https:\/\/augiernathalie-psy.fr\/index.php\/wp-json\/wp\/v2\/comments?post=183"}],"version-history":[{"count":15,"href":"https:\/\/augiernathalie-psy.fr\/index.php\/wp-json\/wp\/v2\/pages\/183\/revisions"}],"predecessor-version":[{"id":352,"href":"https:\/\/augiernathalie-psy.fr\/index.php\/wp-json\/wp\/v2\/pages\/183\/revisions\/352"}],"wp:attachment":[{"href":"https:\/\/augiernathalie-psy.fr\/index.php\/wp-json\/wp\/v2\/media?parent=183"}],"curies":[{"name":"wp","href":"https:\/\/api.w.org\/{rel}","templated":true}]}}