{"id":198,"date":"2021-06-24T18:20:14","date_gmt":"2021-06-24T16:20:14","guid":{"rendered":"http:\/\/augiernathalie-psy.fr\/?page_id=198"},"modified":"2022-06-21T12:31:26","modified_gmt":"2022-06-21T10:31:26","slug":"accueil","status":"publish","type":"page","link":"https:\/\/augiernathalie-psy.fr\/","title":{"rendered":"Nathalie Augier"},"content":{"rendered":"\n<p>Une pratique de la\u00a0<strong>psychoth\u00e9rapie transdisciplinaire<\/strong>\u00a0permet d\u2019avoir une approche\u00a0<strong>globale<\/strong>\u00a0de la personne dans sa dimension\u00a0<strong>psychique et somatique<\/strong>.\u00a0<\/p>\n\n\n\n<p><\/p>\n\n\n\n<p>Elle permet de prendre en charge les personnes qui souffrent de difficult\u00e9s <strong>psychologiques<\/strong>,<strong> relationnelles ou de comportements.<\/strong><\/p>\n\n\n\n<p>Elle permet \u00e9galement la prise en charge globale de la personne lorsque <strong>la maladie<\/strong> est <strong>l&#8217;expression somatique<\/strong> d&#8217;une difficult\u00e9 psychique, de conflits internes ou de situations d&#8217;impasses relationnelles.<\/p>\n\n\n\n<p>La&nbsp;<strong>psychologie humaniste<\/strong>&nbsp;et la&nbsp;<strong>psychologie positive<\/strong>; les&nbsp;<strong>neurosciences<\/strong>&nbsp;et les principes de la&nbsp;<strong>pleine conscience<\/strong>&nbsp;sont les champs disciplinaires que j\u2019explore depuis plus de 20 ans. Mon int\u00e9r\u00eat majeur est d\u2019essayer de les faire converger pour alimenter une pens\u00e9e et une pratique d\u2019une&nbsp;<strong>psychoth\u00e9rapie transdiciplinaire<\/strong>.<\/p>\n\n\n\n<p>Ainsi ma pratique de la psychoth\u00e9rapie consiste \u00e0 mettre en place des dispositfs centr\u00e9s sur<strong> l\u2019\u00e9coute et l\u2019accueil<\/strong>. Ce dispositif th\u00e9rapeutique <strong>est unique<\/strong> et <strong>personnalis\u00e9, structur\u00e9 et cr\u00e9atif <\/strong>; pour accompagner le changement en favorisant \u00e9volution et d\u00e9veloppement. Ainsi il permet la prise en charge de difficult\u00e9s d\u2019ordre psychiques ou des atteintes psychosomatiques. Le client est invit\u00e9 \u00e0 travailler ses difficult\u00e9s, conflits ou impasses \u00e0 travers ses \u00e9motions et l\u2019interpr\u00e9tation de ses r\u00eaves.&nbsp;<\/p>\n\n\n\n<p>&nbsp; &#8230;&nbsp;<strong>et surtout<\/strong><\/p>\n\n\n\n<p>Accompagner une personne sur <strong>son chemin de vie<\/strong>, le voir \u00e9voluer, suivre son parcours est un \u00e9merveillement permanent<\/p>\n","protected":false},"excerpt":{"rendered":"<p>Une pratique de la\u00a0psychoth\u00e9rapie transdisciplinaire\u00a0permet d\u2019avoir une approche\u00a0globale\u00a0de la personne dans sa dimension\u00a0psychique et somatique.\u00a0 Elle permet de prendre en charge les personnes qui souffrent de difficult\u00e9s psychologiques, relationnelles ou de comportements. Elle permet \u00e9galement la prise en charge globale de la personne lorsque la maladie est l&#8217;expression somatique d&#8217;une difficult\u00e9 psychique, de conflits internes &hellip;<\/p>\n<p class=\"read-more\"> <a class=\"\" href=\"https:\/\/augiernathalie-psy.fr\/\"> <span class=\"screen-reader-text\">Nathalie Augier<\/span> Read More &raquo;<\/a><\/p>\n","protected":false},"author":1,"featured_media":0,"parent":0,"menu_order":0,"comment_status":"closed","ping_status":"closed","template":"","meta":{"footnotes":""},"class_list":["post-198","page","type-page","status-publish","hentry"],"_links":{"self":[{"href":"https:\/\/augiernathalie-psy.fr\/index.php\/wp-json\/wp\/v2\/pages\/198","targetHints":{"allow":["GET"]}}],"collection":[{"href":"https:\/\/augiernathalie-psy.fr\/index.php\/wp-json\/wp\/v2\/pages"}],"about":[{"href":"https:\/\/augiernathalie-psy.fr\/index.php\/wp-json\/wp\/v2\/types\/page"}],"author":[{"embeddable":true,"href":"https:\/\/augiernathalie-psy.fr\/index.php\/wp-json\/wp\/v2\/users\/1"}],"replies":[{"embeddable":true,"href":"https:\/\/augiernathalie-psy.fr\/index.php\/wp-json\/wp\/v2\/comments?post=198"}],"version-history":[{"count":23,"href":"https:\/\/augiernathalie-psy.fr\/index.php\/wp-json\/wp\/v2\/pages\/198\/revisions"}],"predecessor-version":[{"id":357,"href":"https:\/\/augiernathalie-psy.fr\/index.php\/wp-json\/wp\/v2\/pages\/198\/revisions\/357"}],"wp:attachment":[{"href":"https:\/\/augiernathalie-psy.fr\/index.php\/wp-json\/wp\/v2\/media?parent=198"}],"curies":[{"name":"wp","href":"https:\/\/api.w.org\/{rel}","templated":true}]}}