{"id":314,"date":"2021-07-02T15:12:50","date_gmt":"2021-07-02T13:12:50","guid":{"rendered":"http:\/\/augiernathalie-psy.fr\/?page_id=314"},"modified":"2021-07-02T15:12:51","modified_gmt":"2021-07-02T13:12:51","slug":"m-csikszentmihalyi","status":"publish","type":"page","link":"https:\/\/augiernathalie-psy.fr\/index.php\/m-csikszentmihalyi\/","title":{"rendered":"M. Csikszentmihalyi"},"content":{"rendered":"\n<p>L\u2019exp\u00e9rience optimale de M. Csikszentmihalyi<\/p>\n\n\n\n<p>&nbsp;&nbsp;&nbsp;&nbsp;&nbsp;&nbsp;&nbsp;&nbsp;&nbsp;&nbsp;<strong>\u00abDans le D\u00e9fi positif\u00bb&nbsp; de&nbsp;<\/strong><a href=\"http:\/\/www.thierryjanssen.com\/\"><strong>Thierry Janssen<\/strong><\/a><strong><\/strong><\/p>\n\n\n\n<p>Csikszentmihalyi s\u2019int\u00e9ressait aux conditions du processus cr\u00e9atif. En observant des peintres au travail, il constata qu\u2019ils \u00e9taient totalement concentr\u00e9s sur leur ouvrage ; ils n\u2019\u00e9prouvaient ni la faim, ni l\u2019inconfort, ni la fatigue. Lorsqu\u2019ils avaient termin\u00e9 leur oeuvre, ils semblaient s\u2019en d\u00e9sint\u00e9resser pour en commencer une autre. Le t\u00e9moignage de ces artistes ne laissait aucun doute : ce qui les incitait \u00e0 peindre n\u2019\u00e9tait pas le fait d\u2019obtenir de la reconnaissance ou de l\u2019argent, mais tout simplement la satisfaction de tremper leurs pinceaux dans la peinture, de poser les couleurs sur la toile, et de se laisser emporter au plus profond du sujet repr\u00e9sent\u00e9, en fusion avec leur projet, suspendus dans le temps, \u00e9valuant un instant apr\u00e8s l\u2019autre la mat\u00e9rialisation de leur vision baign\u00e9e dans une sorte d\u2019\u00e9tat de gr\u00e2ce. Ils ne recherchaient pas la gratification ext\u00e9rieure; l\u2019acte de peindre suffisait \u00e0 les motiver et \u00e0 les combler.<\/p>\n\n\n\n<p>Csikszentmihalyi interrogea d\u2019autres passionn\u00e9s totalement accapar\u00e9s par leurs occupations, parmi lesquels des joueurs d\u2019\u00e9checs, des grimpeurs de haute montagne, des danseurs et des chirurgiens. Tous lui avouaient retirer un v\u00e9ritable plaisir de leur engagement dans l\u2019action. Il s\u2019agissait d\u2019activit\u00e9s \u00abautot\u00e9liques\u00bb du grec qui veut dire \u00abport\u00e9 par un flux\u00bb, totalement immerg\u00e9 dans ce que l\u2019on fait, ou autrement dit \u00abexp\u00e9rience de flux\u00bb.<\/p>\n\n\n\n<p>Il a pu montrer que la sensation de flux correspond \u00e0 une p\u00e9riode de concentration intense sur le moment pr\u00e9sent v\u00e9cu en perdant la notion du temps qui passe, dans l\u2019oubli de soi, sans \u00eatre perturb\u00e9 par des pens\u00e9es qui ne sont pas en rapport avec l\u2019activit\u00e9 en cours, tendu vers un but pr\u00e9cis et bien clair, sans se focaliser sur l\u2019accomplissement de cet objectif mais tout en se consacrant exclusivement \u00e0 sa r\u00e9alisation, anim\u00e9 par le sentiment de contr\u00f4ler la situation avec aisance et comp\u00e9tence, ce qui donne l\u2019impression d\u2019agir sans effort. L\u2019oubli de soi dont il est question ici, et en fait, la disparition de toute pr\u00e9occupation \u00e0 l\u2019\u00e9gard de soi-m\u00eame au profit d\u2019un engagement total dans l\u2019action en cours.<\/p>\n","protected":false},"excerpt":{"rendered":"<p>L\u2019exp\u00e9rience optimale de M. Csikszentmihalyi &nbsp;&nbsp;&nbsp;&nbsp;&nbsp;&nbsp;&nbsp;&nbsp;&nbsp;&nbsp;\u00abDans le D\u00e9fi positif\u00bb&nbsp; de&nbsp;Thierry Janssen Csikszentmihalyi s\u2019int\u00e9ressait aux conditions du processus cr\u00e9atif. En observant des peintres au travail, il constata qu\u2019ils \u00e9taient totalement concentr\u00e9s sur leur ouvrage ; ils n\u2019\u00e9prouvaient ni la faim, ni l\u2019inconfort, ni la fatigue. Lorsqu\u2019ils avaient termin\u00e9 leur oeuvre, ils semblaient s\u2019en d\u00e9sint\u00e9resser pour en &hellip;<\/p>\n<p class=\"read-more\"> <a class=\"\" href=\"https:\/\/augiernathalie-psy.fr\/index.php\/m-csikszentmihalyi\/\"> <span class=\"screen-reader-text\">M. Csikszentmihalyi<\/span> Read More &raquo;<\/a><\/p>\n","protected":false},"author":1,"featured_media":0,"parent":0,"menu_order":0,"comment_status":"closed","ping_status":"closed","template":"","meta":{"footnotes":""},"class_list":["post-314","page","type-page","status-publish","hentry"],"_links":{"self":[{"href":"https:\/\/augiernathalie-psy.fr\/index.php\/wp-json\/wp\/v2\/pages\/314","targetHints":{"allow":["GET"]}}],"collection":[{"href":"https:\/\/augiernathalie-psy.fr\/index.php\/wp-json\/wp\/v2\/pages"}],"about":[{"href":"https:\/\/augiernathalie-psy.fr\/index.php\/wp-json\/wp\/v2\/types\/page"}],"author":[{"embeddable":true,"href":"https:\/\/augiernathalie-psy.fr\/index.php\/wp-json\/wp\/v2\/users\/1"}],"replies":[{"embeddable":true,"href":"https:\/\/augiernathalie-psy.fr\/index.php\/wp-json\/wp\/v2\/comments?post=314"}],"version-history":[{"count":1,"href":"https:\/\/augiernathalie-psy.fr\/index.php\/wp-json\/wp\/v2\/pages\/314\/revisions"}],"predecessor-version":[{"id":315,"href":"https:\/\/augiernathalie-psy.fr\/index.php\/wp-json\/wp\/v2\/pages\/314\/revisions\/315"}],"wp:attachment":[{"href":"https:\/\/augiernathalie-psy.fr\/index.php\/wp-json\/wp\/v2\/media?parent=314"}],"curies":[{"name":"wp","href":"https:\/\/api.w.org\/{rel}","templated":true}]}}